{"id":13578,"date":"2023-08-15T06:38:31","date_gmt":"2023-08-15T06:38:31","guid":{"rendered":"https:\/\/briteminds.ae\/?page_id=13578"},"modified":"2024-05-26T07:57:16","modified_gmt":"2024-05-26T07:57:16","slug":"media-engineering-division","status":"publish","type":"page","link":"https:\/\/briteminds.ae\/az\/media-engineering-division\/","title":{"rendered":"Media Engineering"},"content":{"rendered":"<div data-elementor-type=\"wp-page\" data-elementor-id=\"13578\" class=\"elementor elementor-13578\" data-elementor-post-type=\"page\">\n\t\t\t\t\t\t<section class=\"elementor-section elementor-top-section elementor-element elementor-element-075f688 elementor-section-boxed elementor-section-height-default elementor-section-height-default\" data-id=\"075f688\" data-element_type=\"section\" data-e-type=\"section\">\n\t\t\t\t\t\t<div class=\"elementor-container elementor-column-gap-default\">\n\t\t\t\t\t<div class=\"elementor-column elementor-col-100 elementor-top-column elementor-element elementor-element-a4bcb3b\" data-id=\"a4bcb3b\" data-element_type=\"column\" data-e-type=\"column\">\n\t\t\t<div class=\"elementor-widget-wrap elementor-element-populated\">\n\t\t\t\t\t\t<section class=\"elementor-section elementor-inner-section elementor-element elementor-element-201488f elementor-section-content-middle animated-slow elementor-section-boxed elementor-section-height-default elementor-section-height-default elementor-invisible\" data-id=\"201488f\" data-element_type=\"section\" data-e-type=\"section\" data-settings=\"{&quot;animation&quot;:&quot;fadeInLeft&quot;}\">\n\t\t\t\t\t\t<div class=\"elementor-container elementor-column-gap-default\">\n\t\t\t\t\t<div class=\"elementor-column elementor-col-100 elementor-inner-column elementor-element elementor-element-116c81b\" data-id=\"116c81b\" data-element_type=\"column\" data-e-type=\"column\">\n\t\t\t<div class=\"elementor-widget-wrap elementor-element-populated\">\n\t\t\t\t\t\t<div class=\"elementor-element elementor-element-dedd9e3 elementor-invisible elementor-widget elementor-widget-sectiontitle\" data-id=\"dedd9e3\" data-element_type=\"widget\" data-e-type=\"widget\" data-settings=\"{&quot;_animation&quot;:&quot;fadeInUp&quot;}\" data-widget_type=\"sectiontitle.default\">\n\t\t\t\t<div class=\"elementor-widget-container\">\n\t\t\t\t\t\r\n\t\t\t\t\t<div class=\"style-seven\">\r\n\r\n\t\t\t\t<div class=\"section-title t_center\">\r\n\t\t\t\t\t\r\n\t\t\t\t\t\r\n\t\t\t\t\t \r\n\t\t\t\t\t\t<h2>Where Creativity Meets Technology<span><\/span><\/h2>\r\n\t\t\t\t\t\r\n\t\t\t\t\t\r\n\r\n\r\n\t\t\t\t<\/div>\t\r\n\r\n\t\t\t<\/div>\r\n\r\n\t\t\r\n\t\t\t\t\t\t<\/div>\n\t\t\t\t<\/div>\n\t\t\t\t<div class=\"elementor-element elementor-element-df8007a elementor-widget elementor-widget-image\" data-id=\"df8007a\" data-element_type=\"widget\" data-e-type=\"widget\" data-widget_type=\"image.default\">\n\t\t\t\t<div class=\"elementor-widget-container\">\n\t\t\t\t\t\t\t\t\t\t\t\t\t\t\t<img fetchpriority=\"high\" decoding=\"async\" width=\"1024\" height=\"683\" src=\"https:\/\/briteminds.ae\/wp-content\/uploads\/2023\/09\/BPX00446.jpg\" class=\"attachment-large size-large wp-image-15706\" alt=\"\" \/>\t\t\t\t\t\t\t\t\t\t\t\t\t\t\t<\/div>\n\t\t\t\t<\/div>\n\t\t\t\t\t<\/div>\n\t\t<\/div>\n\t\t\t\t\t<\/div>\n\t\t<\/section>\n\t\t\t\t<div class=\"elementor-element elementor-element-43a9d44 elementor-widget elementor-widget-text-editor\" data-id=\"43a9d44\" data-element_type=\"widget\" data-e-type=\"widget\" data-widget_type=\"text-editor.default\">\n\t\t\t\t<div class=\"elementor-widget-container\">\n\t\t\t\t\t\t\t\t\t<p>Media Engineering combines technical expertise with creative innovation to produce impactful audio-visual content. Our Media Engineering Division specializes in crafting engaging media experiences that captivate audiences and convey powerful messages. We support businesses in the <strong>UAE<\/strong> v\u0259 <strong>MENA<\/strong> region in showcasing their innovations at global conferences and events.<\/p>\t\t\t\t\t\t\t\t<\/div>\n\t\t\t\t<\/div>\n\t\t\t\t<section class=\"elementor-section elementor-inner-section elementor-element elementor-element-71756bd elementor-section-content-middle animated-slow elementor-section-boxed elementor-section-height-default elementor-section-height-default elementor-invisible\" data-id=\"71756bd\" data-element_type=\"section\" data-e-type=\"section\" data-settings=\"{&quot;animation&quot;:&quot;fadeInRight&quot;}\">\n\t\t\t\t\t\t<div class=\"elementor-container elementor-column-gap-default\">\n\t\t\t\t\t<div class=\"elementor-column elementor-col-100 elementor-inner-column elementor-element elementor-element-3735009\" data-id=\"3735009\" data-element_type=\"column\" data-e-type=\"column\">\n\t\t\t<div class=\"elementor-widget-wrap elementor-element-populated\">\n\t\t\t\t\t\t<div class=\"elementor-element elementor-element-ab67398 elementor-widget elementor-widget-heading\" data-id=\"ab67398\" data-element_type=\"widget\" data-e-type=\"widget\" data-widget_type=\"heading.default\">\n\t\t\t\t<div class=\"elementor-widget-container\">\n\t\t\t\t\t<h2 class=\"elementor-heading-title elementor-size-default\">Biznes \u00fc\u00e7\u00fcn vizual hekay\u0259l\u0259r <\/h2>\t\t\t\t<\/div>\n\t\t\t\t<\/div>\n\t\t\t\t<div class=\"elementor-element elementor-element-46e915b elementor-widget elementor-widget-text-editor\" data-id=\"46e915b\" data-element_type=\"widget\" data-e-type=\"widget\" data-widget_type=\"text-editor.default\">\n\t\t\t\t<div class=\"elementor-widget-container\">\n\t\t\t\t\t\t\t\t\t<p>In a business-driven landscape, compelling media content is essential for effective communication. Whether it\u2019s a corporate video, an immersive virtual tour, or engaging social media content, our division ensures that your message resonates with your target audience.<\/p>\t\t\t\t\t\t\t\t<\/div>\n\t\t\t\t<\/div>\n\t\t\t\t\t<\/div>\n\t\t<\/div>\n\t\t\t\t\t<\/div>\n\t\t<\/section>\n\t\t\t\t<section class=\"elementor-section elementor-inner-section elementor-element elementor-element-b36632b elementor-section-content-middle animated-slow elementor-section-boxed elementor-section-height-default elementor-section-height-default elementor-invisible\" data-id=\"b36632b\" data-element_type=\"section\" data-e-type=\"section\" data-settings=\"{&quot;animation&quot;:&quot;fadeInLeft&quot;}\">\n\t\t\t\t\t\t<div class=\"elementor-container elementor-column-gap-default\">\n\t\t\t\t\t<div class=\"elementor-column elementor-col-100 elementor-inner-column elementor-element elementor-element-2998a9b\" data-id=\"2998a9b\" data-element_type=\"column\" data-e-type=\"column\">\n\t\t\t<div class=\"elementor-widget-wrap elementor-element-populated\">\n\t\t\t\t\t\t<div class=\"elementor-element elementor-element-27a9437 elementor-widget elementor-widget-heading\" data-id=\"27a9437\" data-element_type=\"widget\" data-e-type=\"widget\" data-widget_type=\"heading.default\">\n\t\t\t\t<div class=\"elementor-widget-container\">\n\t\t\t\t\t<h2 class=\"elementor-heading-title elementor-size-default\">T\u0259sir v\u0259 \u0130\u015ftirak<\/h2>\t\t\t\t<\/div>\n\t\t\t\t<\/div>\n\t\t\t\t<div class=\"elementor-element elementor-element-0b0b900 elementor-widget elementor-widget-text-editor\" data-id=\"0b0b900\" data-element_type=\"widget\" data-e-type=\"widget\" data-widget_type=\"text-editor.default\">\n\t\t\t\t<div class=\"elementor-widget-container\">\n\t\t\t\t\t\t\t\t\t<p>Media content shapes brand identity, influences purchasing decisions, and fosters customer loyalty. Our Media Engineering Division leverages the power of visual storytelling to establish a strong online presence and connect with your audience on a deeper level.<\/p>\t\t\t\t\t\t\t\t<\/div>\n\t\t\t\t<\/div>\n\t\t\t\t\t<\/div>\n\t\t<\/div>\n\t\t\t\t\t<\/div>\n\t\t<\/section>\n\t\t\t\t<section class=\"elementor-section elementor-inner-section elementor-element elementor-element-d14e2cc elementor-section-content-middle animated-slow elementor-section-boxed elementor-section-height-default elementor-section-height-default elementor-invisible\" data-id=\"d14e2cc\" data-element_type=\"section\" data-e-type=\"section\" data-settings=\"{&quot;animation&quot;:&quot;fadeInRight&quot;}\">\n\t\t\t\t\t\t<div class=\"elementor-container elementor-column-gap-default\">\n\t\t\t\t\t<div class=\"elementor-column elementor-col-100 elementor-inner-column elementor-element elementor-element-3d4bee6\" data-id=\"3d4bee6\" data-element_type=\"column\" data-e-type=\"column\">\n\t\t\t<div class=\"elementor-widget-wrap elementor-element-populated\">\n\t\t\t\t\t\t<div class=\"elementor-element elementor-element-0834153 elementor-widget elementor-widget-heading\" data-id=\"0834153\" data-element_type=\"widget\" data-e-type=\"widget\" data-widget_type=\"heading.default\">\n\t\t\t\t<div class=\"elementor-widget-container\">\n\t\t\t\t\t<h2 class=\"elementor-heading-title elementor-size-default\">T\u0259sirli hekay\u0259l\u0259rin haz\u0131rlanmas\u0131<\/h2>\t\t\t\t<\/div>\n\t\t\t\t<\/div>\n\t\t\t\t<div class=\"elementor-element elementor-element-864d0d6 elementor-widget elementor-widget-text-editor\" data-id=\"864d0d6\" data-element_type=\"widget\" data-e-type=\"widget\" data-widget_type=\"text-editor.default\">\n\t\t\t\t<div class=\"elementor-widget-container\">\n\t\t\t\t\t\t\t\t\t<p>Our team of talented writers, designers, and multimedia experts collaborates to produce engaging media content across various platforms. We believe that impactful storytelling can leave a lasting impression, fostering meaningful connections and elevating your brand. Join us as we explore the limitless possibilities of media content and shape narratives that make a meaningful difference in your business\u2019s success.Join us as we explore the limitless possibilities of media content and shape narratives that make a meaningful difference in your business&#8217;s success.<\/p>\t\t\t\t\t\t\t\t<\/div>\n\t\t\t\t<\/div>\n\t\t\t\t\t<\/div>\n\t\t<\/div>\n\t\t\t\t\t<\/div>\n\t\t<\/section>\n\t\t\t\t\t<\/div>\n\t\t<\/div>\n\t\t\t\t\t<\/div>\n\t\t<\/section>\n\t\t\t\t<\/div>","protected":false},"excerpt":{"rendered":"<p>Where Creativity Meets Technology Media Engineering combines technical expertise with creative innovation to produce impactful audio-visual content. Our Media Engineering Division specializes in crafting engaging media experiences that captivate audiences and convey powerful messages. We support businesses in the UAE and MENA region in showcasing their innovations at global conferences and events. Visual Storytelling for [&hellip;]<\/p>\n","protected":false},"author":6,"featured_media":0,"parent":0,"menu_order":0,"comment_status":"closed","ping_status":"closed","template":"","meta":{"footnotes":""},"class_list":["post-13578","page","type-page","status-publish","hentry"],"yoast_head":"<!-- This site is optimized with the Yoast SEO plugin v27.5 - https:\/\/yoast.com\/product\/yoast-seo-wordpress\/ -->\n<title>Media Engineering | BriteMinds<\/title>\n<meta name=\"description\" content=\"Impact your brand with our media content development, featuring engaging videos that tell your story visually. Captivate your audience with our compelling video solutions.\" \/>\n<meta name=\"robots\" content=\"index, follow, max-snippet:-1, max-image-preview:large, max-video-preview:-1\" \/>\n<link rel=\"canonical\" href=\"https:\/\/briteminds.ae\/az\/media-engineering-division\/\" \/>\n<meta property=\"og:locale\" content=\"az_AZ\" \/>\n<meta property=\"og:type\" content=\"article\" \/>\n<meta property=\"og:title\" content=\"Media Engineering | BriteMinds\" \/>\n<meta property=\"og:description\" content=\"Impact your brand with our media content development, featuring engaging videos that tell your story visually. Captivate your audience with our compelling video solutions.\" \/>\n<meta property=\"og:url\" content=\"https:\/\/briteminds.ae\/az\/media-engineering-division\/\" \/>\n<meta property=\"og:site_name\" content=\"BriteMinds\" \/>\n<meta property=\"article:modified_time\" content=\"2024-05-26T07:57:16+00:00\" \/>\n<meta property=\"og:image\" content=\"https:\/\/briteminds.ae\/wp-content\/uploads\/2023\/09\/BPX00446.jpg\" \/>\n<meta name=\"twitter:card\" content=\"summary_large_image\" \/>\n<meta name=\"twitter:site\" content=\"@BriteMinds_ae\" \/>\n<meta name=\"twitter:label1\" content=\"Est. reading time\" \/>\n\t<meta name=\"twitter:data1\" content=\"2 minutes\" \/>\n<script type=\"application\/ld+json\" class=\"yoast-schema-graph\">{\"@context\":\"https:\\\/\\\/schema.org\",\"@graph\":[{\"@type\":\"WebPage\",\"@id\":\"https:\\\/\\\/briteminds.ae\\\/media-engineering-division\\\/\",\"url\":\"https:\\\/\\\/briteminds.ae\\\/media-engineering-division\\\/\",\"name\":\"Media Engineering | BriteMinds\",\"isPartOf\":{\"@id\":\"https:\\\/\\\/briteminds.ae\\\/#website\"},\"primaryImageOfPage\":{\"@id\":\"https:\\\/\\\/briteminds.ae\\\/media-engineering-division\\\/#primaryimage\"},\"image\":{\"@id\":\"https:\\\/\\\/briteminds.ae\\\/media-engineering-division\\\/#primaryimage\"},\"thumbnailUrl\":\"https:\\\/\\\/briteminds.ae\\\/wp-content\\\/uploads\\\/2023\\\/09\\\/BPX00446.jpg\",\"datePublished\":\"2023-08-15T06:38:31+00:00\",\"dateModified\":\"2024-05-26T07:57:16+00:00\",\"description\":\"Impact your brand with our media content development, featuring engaging videos that tell your story visually. Captivate your audience with our compelling video solutions.\",\"breadcrumb\":{\"@id\":\"https:\\\/\\\/briteminds.ae\\\/media-engineering-division\\\/#breadcrumb\"},\"inLanguage\":\"az\",\"potentialAction\":[{\"@type\":\"ReadAction\",\"target\":[\"https:\\\/\\\/briteminds.ae\\\/media-engineering-division\\\/\"]}]},{\"@type\":\"ImageObject\",\"inLanguage\":\"az\",\"@id\":\"https:\\\/\\\/briteminds.ae\\\/media-engineering-division\\\/#primaryimage\",\"url\":\"https:\\\/\\\/briteminds.ae\\\/wp-content\\\/uploads\\\/2023\\\/09\\\/BPX00446.jpg\",\"contentUrl\":\"https:\\\/\\\/briteminds.ae\\\/wp-content\\\/uploads\\\/2023\\\/09\\\/BPX00446.jpg\"},{\"@type\":\"BreadcrumbList\",\"@id\":\"https:\\\/\\\/briteminds.ae\\\/media-engineering-division\\\/#breadcrumb\",\"itemListElement\":[{\"@type\":\"ListItem\",\"position\":1,\"name\":\"Home\",\"item\":\"https:\\\/\\\/briteminds.ae\\\/\"},{\"@type\":\"ListItem\",\"position\":2,\"name\":\"Media Engineering\"}]},{\"@type\":\"WebSite\",\"@id\":\"https:\\\/\\\/briteminds.ae\\\/#website\",\"url\":\"https:\\\/\\\/briteminds.ae\\\/\",\"name\":\"BriteMinds\",\"description\":\"\",\"publisher\":{\"@id\":\"https:\\\/\\\/briteminds.ae\\\/#organization\"},\"potentialAction\":[{\"@type\":\"SearchAction\",\"target\":{\"@type\":\"EntryPoint\",\"urlTemplate\":\"https:\\\/\\\/briteminds.ae\\\/?s={search_term_string}\"},\"query-input\":{\"@type\":\"PropertyValueSpecification\",\"valueRequired\":true,\"valueName\":\"search_term_string\"}}],\"inLanguage\":\"az\"},{\"@type\":\"Organization\",\"@id\":\"https:\\\/\\\/briteminds.ae\\\/#organization\",\"name\":\"BriteMinds\",\"url\":\"https:\\\/\\\/briteminds.ae\\\/\",\"logo\":{\"@type\":\"ImageObject\",\"inLanguage\":\"az\",\"@id\":\"https:\\\/\\\/briteminds.ae\\\/#\\\/schema\\\/logo\\\/image\\\/\",\"url\":\"https:\\\/\\\/briteminds.ae\\\/wp-content\\\/uploads\\\/2023\\\/08\\\/logo-1@3x-1.png\",\"contentUrl\":\"https:\\\/\\\/briteminds.ae\\\/wp-content\\\/uploads\\\/2023\\\/08\\\/logo-1@3x-1.png\",\"width\":300,\"height\":72,\"caption\":\"BriteMinds\"},\"image\":{\"@id\":\"https:\\\/\\\/briteminds.ae\\\/#\\\/schema\\\/logo\\\/image\\\/\"},\"sameAs\":[\"https:\\\/\\\/x.com\\\/BriteMinds_ae\",\"https:\\\/\\\/www.youtube.com\\\/@BriteMindsUAE\",\"https:\\\/\\\/www.linkedin.com\\\/company\\\/britemindsuae\"]}]}<\/script>\n<!-- \/ Yoast SEO plugin. -->","yoast_head_json":{"title":"Media Engineering | BriteMinds","description":"Impact your brand with our media content development, featuring engaging videos that tell your story visually. Captivate your audience with our compelling video solutions.","robots":{"index":"index","follow":"follow","max-snippet":"max-snippet:-1","max-image-preview":"max-image-preview:large","max-video-preview":"max-video-preview:-1"},"canonical":"https:\/\/briteminds.ae\/az\/media-engineering-division\/","og_locale":"az_AZ","og_type":"article","og_title":"Media Engineering | BriteMinds","og_description":"Impact your brand with our media content development, featuring engaging videos that tell your story visually. Captivate your audience with our compelling video solutions.","og_url":"https:\/\/briteminds.ae\/az\/media-engineering-division\/","og_site_name":"BriteMinds","article_modified_time":"2024-05-26T07:57:16+00:00","og_image":[{"url":"https:\/\/briteminds.ae\/wp-content\/uploads\/2023\/09\/BPX00446.jpg","type":"","width":"","height":""}],"twitter_card":"summary_large_image","twitter_site":"@BriteMinds_ae","twitter_misc":{"Est. reading time":"2 minutes"},"schema":{"@context":"https:\/\/schema.org","@graph":[{"@type":"WebPage","@id":"https:\/\/briteminds.ae\/media-engineering-division\/","url":"https:\/\/briteminds.ae\/media-engineering-division\/","name":"Media Engineering | BriteMinds","isPartOf":{"@id":"https:\/\/briteminds.ae\/#website"},"primaryImageOfPage":{"@id":"https:\/\/briteminds.ae\/media-engineering-division\/#primaryimage"},"image":{"@id":"https:\/\/briteminds.ae\/media-engineering-division\/#primaryimage"},"thumbnailUrl":"https:\/\/briteminds.ae\/wp-content\/uploads\/2023\/09\/BPX00446.jpg","datePublished":"2023-08-15T06:38:31+00:00","dateModified":"2024-05-26T07:57:16+00:00","description":"Impact your brand with our media content development, featuring engaging videos that tell your story visually. Captivate your audience with our compelling video solutions.","breadcrumb":{"@id":"https:\/\/briteminds.ae\/media-engineering-division\/#breadcrumb"},"inLanguage":"az","potentialAction":[{"@type":"ReadAction","target":["https:\/\/briteminds.ae\/media-engineering-division\/"]}]},{"@type":"ImageObject","inLanguage":"az","@id":"https:\/\/briteminds.ae\/media-engineering-division\/#primaryimage","url":"https:\/\/briteminds.ae\/wp-content\/uploads\/2023\/09\/BPX00446.jpg","contentUrl":"https:\/\/briteminds.ae\/wp-content\/uploads\/2023\/09\/BPX00446.jpg"},{"@type":"BreadcrumbList","@id":"https:\/\/briteminds.ae\/media-engineering-division\/#breadcrumb","itemListElement":[{"@type":"ListItem","position":1,"name":"Home","item":"https:\/\/briteminds.ae\/"},{"@type":"ListItem","position":2,"name":"Media Engineering"}]},{"@type":"WebSite","@id":"https:\/\/briteminds.ae\/#website","url":"https:\/\/briteminds.ae\/","name":"<i><\/i>","description":"","publisher":{"@id":"https:\/\/briteminds.ae\/#organization"},"potentialAction":[{"@type":"SearchAction","target":{"@type":"EntryPoint","urlTemplate":"https:\/\/briteminds.ae\/?s={search_term_string}"},"query-input":{"@type":"PropertyValueSpecification","valueRequired":true,"valueName":"search_term_string"}}],"inLanguage":"az"},{"@type":"Organization","@id":"https:\/\/briteminds.ae\/#organization","name":"<i><\/i>","url":"https:\/\/briteminds.ae\/","logo":{"@type":"ImageObject","inLanguage":"az","@id":"https:\/\/briteminds.ae\/#\/schema\/logo\/image\/","url":"https:\/\/briteminds.ae\/wp-content\/uploads\/2023\/08\/logo-1@3x-1.png","contentUrl":"https:\/\/briteminds.ae\/wp-content\/uploads\/2023\/08\/logo-1@3x-1.png","width":300,"height":72,"caption":"BriteMinds"},"image":{"@id":"https:\/\/briteminds.ae\/#\/schema\/logo\/image\/"},"sameAs":["https:\/\/x.com\/BriteMinds_ae","https:\/\/www.youtube.com\/@BriteMindsUAE","https:\/\/www.linkedin.com\/company\/britemindsuae"]}]}},"_links":{"self":[{"href":"https:\/\/briteminds.ae\/az\/wp-json\/wp\/v2\/pages\/13578","targetHints":{"allow":["GET"]}}],"collection":[{"href":"https:\/\/briteminds.ae\/az\/wp-json\/wp\/v2\/pages"}],"about":[{"href":"https:\/\/briteminds.ae\/az\/wp-json\/wp\/v2\/types\/page"}],"author":[{"embeddable":true,"href":"https:\/\/briteminds.ae\/az\/wp-json\/wp\/v2\/users\/6"}],"replies":[{"embeddable":true,"href":"https:\/\/briteminds.ae\/az\/wp-json\/wp\/v2\/comments?post=13578"}],"version-history":[{"count":59,"href":"https:\/\/briteminds.ae\/az\/wp-json\/wp\/v2\/pages\/13578\/revisions"}],"predecessor-version":[{"id":16836,"href":"https:\/\/briteminds.ae\/az\/wp-json\/wp\/v2\/pages\/13578\/revisions\/16836"}],"wp:attachment":[{"href":"https:\/\/briteminds.ae\/az\/wp-json\/wp\/v2\/media?parent=13578"}],"curies":[{"name":"wp","href":"https:\/\/api.w.org\/{rel}","templated":true}]}}